{"id":540,"date":"0001-01-01T00:00:00","date_gmt":"0001-01-01T00:00:00","guid":{"rendered":"https:\/\/b-k-consulting.com\/erstinformationen\/"},"modified":"2026-03-30T12:29:34","modified_gmt":"2026-03-30T10:29:34","slug":"initial-information","status":"publish","type":"page","link":"https:\/\/b-k-consulting.com\/en\/erstinformationen\/","title":{"rendered":"Initial information"},"content":{"rendered":"","protected":false},"excerpt":{"rendered":"","protected":false},"author":1,"featured_media":3764,"parent":0,"menu_order":0,"comment_status":"closed","ping_status":"closed","template":"","meta":{"_acf_changed":false,"inline_featured_image":false,"footnotes":""},"class_list":["post-540","page","type-page","status-publish","has-post-thumbnail","hentry"],"acf":{"header_address.Content":"","header_opening_hours.Content":"","header_phone_number.Content":"","child_entity.Value":"","001_page_meta.page_image10.Id":11,"001_page_meta.page_image9.Id":11,"001_page_meta.page_image8.Id":11,"001_page_meta.page_image7.Id":11,"001_page_meta.page_image6.Id":11,"001_page_meta.page_image5.Id":11,"001_page_meta.page_image4.Id":11,"001_page_meta.page_image3.Id":11,"001_page_meta.page_image2.Id":11,"001_page_meta.page_image1.Id":11,"0001_website_meta.site_logo.Id":479,"galleries_enabled.Value":"true","multi_language_maps_enabled.Value":"false","001_page_meta.featured_image_mobile.Id":3764,"001_page_meta.featured_image.Id":3763,"001_page_meta.content_image_3.Id":null,"001_page_meta.content_image_2.Id":null,"001_page_meta.content_image_1.Id":null,"parent_entity.Value":"","type_entity.Value":"","0001_website_meta.site_logo_inverted.Id":null,"02_hero_content.hero_image3.Id":486,"02_hero_content.image_hero_content3.Id":null,"02_hero_content.image_hero_content2.Id":null,"02_hero_content.image_hero_content1.Id":null,"heading_hero_benefit3.Content":"","heading_hero_benefit2.Content":"","heading_hero_benefit1.Content":"","heading_hero_slider.Content":"Unsere Partner","02_hero_content.hero_image8.Id":483,"02_hero_content.hero_image7.Id":484,"02_hero_content.hero_image6.Id":485,"02_hero_content.hero_image5.Id":487,"02_hero_content.hero_image4.Id":2535,"top_heading_hero.Content":"Digitale Innovationen - Steueroptimierte Investments - Individuelle Beratung","02_hero_content.hero_image2.Id":488,"02_hero_content.hero_image1.Id":482,"hero_content_form_benefit2.Content":"","hero_content_form_benefit1.Content":"","hero_content_form_benefit3.Content":"","hero_content_form.Value":"","hero_gallery_enabled.Value":"false","main_heading_hero_cta.Value":"\/kontakt","main_heading_hero_cta.Attribute":"Kontakt","sub_heading_hero.Content":"Badent &amp; Klemm Consulting \u2013 Dein ungebundener Versicherungsmakler f\u00fcr die ganze Familie","main_heading_hero.Content":"Unsere Erstinformationen","subheading_contact_form.Content":"Jetzt Termin vereinbaren","contact_area_contact_form_phone_text.Content":"","contact_area_contact_form_name_text.Content":"","contact_area_contact_form_message_text.Content":"","contact_area_contact_form_mail_text.Content":"","contact_area_contact_form_button_text.Content":"","contact_form.Value":"1","contact_address.Content":"<div>Bergstrasse 31<\/div>\n<div>69469 Weinheim<\/div>","opening_hours.Content":"Mo. - Fr.: 08:00 - 19:00 <BR> Sa.:  08:00 - 17:00","map.Value":"","heading_contact_form.Content":"Kontakt","telephone.Value":"tel:\/\/+49 176 20926838","e-mail.Value":"mailto:info@b-k-consulting.com","e-mail.Attribute":"info@b-k-consulting.com","calendly_enabled.Value":"false","contact_image_enabled.Value":"","contact_maps_enabled.Value":"","calendly_url.Value":"","calendly_url.Attribute":"","online_form_name.Content":"","online_form_source.Value":"","testimonial3_customer.Content":"","04_social_proof.testimonial1_image.Id":null,"04_social_proof.testimonial2_image.Id":null,"04_social_proof.testimonial3_image.Id":null,"04_social_proof.google_places_review_image.Id":null,"04_social_proof.social_proof_background_image.Id":null,"heading_social_proof.Content":"","google_places_id2.Value":"","google_places_id.Value":"","testimonial1_customer.Content":"","testimonial1_text.Content":"","testimonial2_customer.Content":"","testimonial3_text.Content":"","testimonial2_text.Content":"","custom_reviews_enabled.Value":"","anwalt_de_widgetcode.Value":"","anwalt_de_enabled.Value":"","google_places_enabled.Value":"","google_places_reviews_enabled2.Value":"","google_places_reviews_enabled.Value":"","google_places_review_url2.Value":"","subheading_social_proof.Content":"","google_places_review_url.Value":"","social_proof_enabled.Value":"true","social_proof_disclaimer.Content":"","benefit_1_text.Content":"","05a_benefit_area.benefit_3_image.Id":null,"05a_benefit_area.benefit_2_image.Id":null,"05a_benefit_area.benefit_1_image.Id":null,"05a_benefit_area_enabled.Value":"true","benefit_heading_enabled.value":"false","benefit_heading.Content":"","benefit_3_text.Content":"","benefit_3_heading.Content":"","benefit_3_icon.Id":"","benefit_2_text.Content":"","benefit_2_heading.Content":"","benefit_2_icon.Id":"","benefit_1_icon.Id":"","benefit_1_heading.Content":"","benefit_1_widgetcode.Content":"","benefit_2_widgetcode.Content":"","benefit_3_widgetcode.Content":"","intro_heading.Content":"Erstinformation","intro_text.Content":"<div>\n<h3>1. Informationspflichtiger \u2013 dein Versicherungsvermittler<\/h3>\n<p>Philipp Badent<br>Marktplatz 9<br>69469 Weinheim<\/p>\n<p>Jannis Klemm<br>Marktplatz 9<br>69469 Weinheim<\/p>\n<p>Telefon: +49 (0) 176 20926838 \/ +49 (0) 151 46437182<br>E-Mail: info@b-k-consulting.com<\/p>\n<h3><strong>2. Status des Informationspflichtigen nach der Gewerbeordnung, Meldung und Registrierung<\/strong><\/h3>\n<p>Der Informationspflichtige ist als Versicherungsmakler mit einer Erlaubnis nach \u00a7 34d Abs. 1 der Gewerbeordnung bei der zust\u00e4ndigen Beh\u00f6rde, der Industrie- und Handelskammer gemeldet und im Vermittlerregister unter der Registrierungsnummer D-2GYV-LQJUM-96 registriert.<\/p>\n<h3><strong>3. Beratung und Verg\u00fctung<\/strong><\/h3>\n<p>Der Informationspflichtige bietet im Zuge der Vermittlung eine Beratung gem\u00e4\u00df den gesetzlichen Vorgaben an und erh\u00e4lt f\u00fcr die erfolgreiche Vermittlung eines Versicherungsvertrages eine Provision und ggf. eine Servicepauschale vom Produktanbieter. Der Informationspflichtige erh\u00e4lt als Verg\u00fctung weitere Zuwendungen. Diese sind bereits in der Versicherungspr\u00e4mie enthalten und somit vom Kunden nicht separat zu bezahlen. Au\u00dferdem kann der Informationspflichtige abweichend mit dem Kunden als Verg\u00fctung eine Kombination aus Provision und Honorar oder lediglich Honorar vereinbaren. Das Honorar ist dann vom Kunden separat zu bezahlen. Dies ist jeweils abh\u00e4ngig von den W\u00fcnschen und Bed\u00fcrfnissen des Kunden und den Versicherungsprodukten, welche eventuell vermittelt werden.<\/p>\n<h3><strong>4. Gemeinsame Registerstelle gem. \u00a7 11a Abs. 1 und \u00a7 34d GewO<\/strong><\/h3>\n<p>DIHK | Deutscher Industrie- und Handelskammertag e.V. Breite Stra\u00dfe 29, 10178 Berlin Telefon: (0 180) 60 05 85 0 (Festnetzpreis 0,20 EUR \/ Anruf; Mobilfunkpreise maximal 0,60 EUR \/ Anruf) E-Mail:\u00a0<a href=\"mailto:vr@dihk.de\">vr@dihk.de<\/a>\u00a0<a href=\"https:\/\/www.vermittlerregister.info\/\">www.vermittlerregister.info<\/a><\/p>\n<h3><strong>5. Beteiligungen von bzw. an dem Informationspflichtigen<\/strong><\/h3>\n<p>Der Informationspflichtige besitzt keine direkten oder indirekten Beteiligungen von \u00fcber 10 Prozent an Stimmrechten oder dem Kapital von Versicherungsunternehmen. Es gibt keine Versicherungsunternehmen oder Mutterunternehmen eines Versicherungsunternehmens, welche direkte oder indirekte Beteiligungen von \u00fcber 10 Prozent an den Stimmrechten oder am Kapital des Informationspflichtigen besitzen.<\/p>\n<h3><strong>6. Schlichtungsstellen f\u00fcr Streitigkeiten zwischen dem Informationspflichtigen und Versicherungsnehmern<\/strong><\/h3>\n<p>Versicherungsombudsmann e. V. Postfach 08 06 32, 10006 Berlin<\/p>\n<p>Ombudsmann private Kranken- und Pflegeversicherung Postfach 06 02 22, 10052 Berlin<\/p>\n<h3><strong>Zus\u00e4tzliche Information:\u00a0<\/strong><strong><\/strong><strong>Behandlung von Beschwerden gem. \u00a7 17 Abs. 2 Nr. 5 VersVermV<\/strong><\/h3>\n<p>Sofern du mit den Dienstleistungen des Informationspflichtigen einmal nicht zufrieden sein solltest, kannst du Beschwerden jederzeit an den Informationspflichtigen und an die zuvor genannten Kontaktdaten richten. Das Verfahren zur Bearbeitung deiner Beschwerde sieht vor, dass nach Eingang deiner Beschwerde dein Vermittler diese gerne intern pr\u00fcft und dir eine Stellungnahme zukommen lassen wird.<\/p>\n<\/div>","intro_gallery_enabled.Value":"false","05a_content_intro_enabled.Value":"true","overview_heading.Content":"","overview_text.Content":"","overview_cta_lead_in.Content":"","overview_cta.Attribute":"","overview_cta.Value":"","05b_content_overview_enabled.Value":"true","detail_heading_opt2.Content":"","05c_content_detail.image_product5.Id":null,"detail_text_opt2.Content":"","detail_call_to_action_enabled.Value":"false","detail_slider_enabled.Value":"false","detail_heading.Content":"","detail_text.Content":"","detail_cta_lead_in.Content":"","detail_cta.Attribute":"","detail_cta.Value":"","detail_heading_opt1.Content":"","detail_text_opt1.Content":"","detail_cta_lead_in_opt1.Content":"","detail_cta_opt1.Attribute":"","detail_cta_opt1.Value":"","05c_content_detail.image_person_slider3.Id":null,"05c_content_detail_enabled.Value":"true","detail_cta_lead_in_opt2.Content":"","detail_cta_opt2.Attribute":"","detail_cta_opt2.Value":"","detail_heading_opt3.Content":"","detail_text_opt3.Content":"","detail_cta_lead_in_opt3.Content":"","05c_content_detail.image_product1.Id":null,"detail_cta_opt3.Attribute":"","05c_content_detail.image_product2.Id":null,"detail_cta_opt3.Value":"","05c_content_detail.image_product3.Id":null,"detail_heading_opt4.Content":"","05c_content_detail.image_product4.Id":null,"detail_cta_opt6.Attribute":"","detail_cta_lead_in_opt4.Content":"","detail_cta_opt4.Attribute":"","05c_content_detail.image_product6.Id":null,"05c_content_detail.image_product7.Id":null,"detail_cta_opt4.Value":"","05c_content_detail.image_product8.Id":null,"05c_content_detail.image_product9.Id":null,"detail_heading_opt5.Content":"","detail_text_opt5.Content":"","detail_cta_lead_in_opt5.Content":"","detail_cta_opt5.Attribute":"","detail_cta_opt5.Value":"","detail_heading_opt6.Content":"","detail_text_opt6.Content":"","detail_cta_opt6.Value":"","detail_text_opt4.Content":"","05c_content_detail.image_staff_1.Id":null,"05c_content_detail.image_staff_2.Id":null,"05c_content_detail.image_staff_3.Id":null,"05c_content_detail.image_staff_4.Id":null,"05c_content_detail.image_staff_5.Id":null,"05c_content_detail.image_staff_6.Id":null,"05c_content_detail.image_person_slider1.Id":null,"05c_content_detail.image_office.Id":null,"detail_cta_lead_in_opt6.Content":"","05c_content_detail.image_person_slider4.Id":null,"05c_content_detail.image_person.Id":null,"05c_content_detail.image_person_slider2.Id":null,"competence_heading.Content":"","competence_text.Content":"","competence_cta_lead_in.Content":"","competence_cta.Attribute":"","competence_cta.Value":"","05d_content_competence_enabled.Value":"true","05d_content_competence.competence_image1.Id":null,"05d_content_competence.competence_image2.Id":null,"services_heading.Content":"","services_text.Content":"","services_cta_lead_in.Content":"","services_cta.Attribute":"","services_cta.Value":"","05e_content_services_enabled.Value":"true","faq_heading.Content":"","question2.Content":"","question3.Content":"","question4.Content":"","question5.Content":"","question6.Content":"","question7.Content":"","question8.Content":"","question9.Content":"","question10.Content":"","question1.Content":"","answer10.Content":"","answer3.Content":"","answer4.Content":"","answer5.Content":"","answer6.Content":"","answer7.Content":"","answer8.Content":"","answer9.Content":"","answer1.Content":"","answer2.Content":"","05f_questions_and_answers_enabled.Value":"true","seoarea1heading.Content":"","seoarea1text.Content":"","seoarea2heading.Content":"","seoarea2text.Content":"","seoarea3heading.Content":"","seoarea3text.Content":"","seoarea4heading.Content":"","seoarea4text.Content":"","05g_seoarea_enabled.Value":"true","06_gallery_related1.gallery_related.TypeEntityName":"","06_gallery_related1.gallery_related.SubHeading":"","06_gallery_related1.gallery_related.Heading":"","06_gallery_related1.background_image.Id":null,"06_gallery_related1.gallery_related.ButtonCtaText":"","06_gallery_related1.gallery_related.ButtonCtaUrl":"","gallery_related1_filterable_tabs_enabled.Value":"false","06_gallery_related1_enabled.Value":"true","06_gallery_related2.gallery_related.TypeEntityName":"","06_gallery_related2.gallery_related.SubHeading":"","06_gallery_related2.gallery_related.Heading":"","06_gallery_related2.background_image.Id":null,"06_gallery_related2.gallery_related.ButtonCtaText":"","06_gallery_related2.gallery_related.ButtonCtaUrl":"","06_gallery_related2_enabled.Value":"true","06_gallery_related3.gallery_related.TypeEntityName":"","06_gallery_related3.gallery_related.SubHeading":"","06_gallery_related3.background_image.Id":null,"06_gallery_related3.gallery_related.ButtonCtaText":"","06_gallery_related3.gallery_related.ButtonCtaUrl":"","06_gallery_related3.gallery_related.Heading":"","06_gallery_related3_enabled.Value":"true","06_gallery_related4.gallery_related.EnityId":"","06_gallery_related4.gallery_related.SubHeading":"","06_gallery_related4.gallery_related.Heading":"","06_gallery_related4.background_image.Id":null,"06_gallery_related4.gallery_related.ButtonCtaText":"","06_gallery_related4.gallery_related.ButtonCtaUrl":"","06_gallery_related4_enabled.Value":"","06_gallery_related5.gallery_related.EnityId":"","06_gallery_related5.gallery_related.SubHeading":"","06_gallery_related5.gallery_related.Heading":"","06_gallery_related5.background_image.Id":null,"06_gallery_related5.gallery_related.ButtonCtaText":"","06_gallery_related5.gallery_related.ButtonCtaUrl":"","06_gallery_related5_enabled.Value":"","instagram_feed.Content":"","toc_heading.Content":"true","heading_call_to_action.Content":"","subheading_call_to_action.Content":"","cta_call_to_action.Attribute":"","cta_call_to_action.Value":"cta_call_to_action.Value","call_to_action_video_enabled.Value":"","video_call_to_action_youtube_url.Value":"","video_call_to_action_youtube_url2.Value":"","06a_home_call_to_action.image_call_to_action.Id":null,"06a_home_call_to_action_enabled.Value":"true","benefit1_call_to_action.Content":"true","benefit2_call_to_action.Content":"true","benefit3_call_to_action.Content":"true","benefit4_call_to_action.Content":"true","footer_contact_address.Content":"<div>Marktplatz 9<br>69469 Weinheim<\/div>","footer_e-mail.Value":"mailto:info@b-k-consulting.com","footer_calendly_url.Value":"https:\/\/calendly.com\/philipp-badent\/gespraech","footer_contact_form_from_email.Attribute":"OMmatic","linkedin.Value":"https:\/\/www.linkedin.com\/company\/badent-klemm-consulting\/","linkedin_enabled.Value":"true","instagram_enabled.Value":"true","whatsapp_enabled.Value":"false","whatsapp_number.Value":"https:\/\/wa.me\/+4917620926838","06_gallery_footer1.gallery_related.TypeEntityName":"Themengebiete","06_gallery_footer1.gallery_related.Heading":"Themengebiete","06_gallery_footer2.gallery_related.TypeEntityName":"Produkte","footer_subheading_contact_form.Content":"Jetzt Termin vereinbaren","instagram_url.Value":"https:\/\/www.instagram.com\/b_k_consulting\/","footer_e-mail.Attribute":"info@b-k-consulting.com","footer_telephone.Attribute":"+49 176 20926838","footer_telephone.Value":"tel:+49 176 20926838","footer_opening_hours.Content":"Mo. - Fr.: 10:00 - 20:00","footer_contact_form_enabled.Value":"true","footer_heading_contact_form.Content":"Kontakt","footer_contact_form_name_text.Content":"Dein Name","footer_contact_form_message_text.Content":"Deine Nachricht","footer_contact_form_mail_text.Content":"deine@email.com","footer_contact_form_heading.Content":"<div>Kontakt<\/div>","footer_contact_form_button_text.Content":"Absenden","footer_contact_form_phone_text.Content":"Deine Telefonnummer","06_gallery_footer3.gallery_related.TypeEntityName":"Ansprechpartner","07_footer.fachanwalt_de_logo.Id":null,"07_footer.juraforum_de_logo.Id":null,"07_footer.experten_branchenbuch_de_logo.Id":null,"footer_opening_hours_heading.Content":"<div>&Ouml;ffnungszeiten<\/div>","footer_contact_form_mailto.Value":"info@b-k-consulting.com","footer_contact_form_subject.Content":"Nachricht von der Webseite b-k-consulting.com","footer_contact_form_bcc.Value":"marcel.zirkel@ommatic.de","footer_contact_form.Value":"1","footer_contact_form_posturl.Value":"https:\/\/eomsyd75moq1mt3.m.pipedream.net","experten_branchenbuch_de_url.Value":"","juraforum_de_url.Value":"","fachanwalt_de_url.Value":"","07_footer.background_image.Id":480,"footer_contact_form_from_email.Value":"marketing@ommatic.de","06_gallery_footer3.gallery_related.Heading":"Ansprechpartner","06_gallery_footer2.gallery_related.Heading":"Produkte","footer_address_heading.Content":"<div>Adresse<\/div>","emergency_number_heading.Content":"<div>Jederzeit f&uuml;r dich erreichbar<\/div>","emergency_number.Attribute":"+49 176 20926838","emergency_number.Value":"tel:+49 176 20926838","facebook.Value":"https:\/\/www.facebook.com\/BadentKlemmConsulting\/","facebook_enabled.Value":"true","einbock_eintraege_enabled.Value":"","instagram_url.Attribute":"instagram_url","tb-uid":"1756"},"aioseo_notices":[],"_links":{"self":[{"href":"https:\/\/b-k-consulting.com\/en\/wp-json\/wp\/v2\/pages\/540","targetHints":{"allow":["GET"]}}],"collection":[{"href":"https:\/\/b-k-consulting.com\/en\/wp-json\/wp\/v2\/pages"}],"about":[{"href":"https:\/\/b-k-consulting.com\/en\/wp-json\/wp\/v2\/types\/page"}],"author":[{"embeddable":true,"href":"https:\/\/b-k-consulting.com\/en\/wp-json\/wp\/v2\/users\/1"}],"replies":[{"embeddable":true,"href":"https:\/\/b-k-consulting.com\/en\/wp-json\/wp\/v2\/comments?post=540"}],"version-history":[{"count":1,"href":"https:\/\/b-k-consulting.com\/en\/wp-json\/wp\/v2\/pages\/540\/revisions"}],"predecessor-version":[{"id":167404,"href":"https:\/\/b-k-consulting.com\/en\/wp-json\/wp\/v2\/pages\/540\/revisions\/167404"}],"wp:featuredmedia":[{"embeddable":true,"href":"https:\/\/b-k-consulting.com\/en\/wp-json\/wp\/v2\/media\/3764"}],"wp:attachment":[{"href":"https:\/\/b-k-consulting.com\/en\/wp-json\/wp\/v2\/media?parent=540"}],"curies":[{"name":"wp","href":"https:\/\/api.w.org\/{rel}","templated":true}]}}